{"id":8,"date":"2026-01-05T11:54:39","date_gmt":"2026-01-05T11:54:39","guid":{"rendered":"https:\/\/www.hill-smart.com\/?page_id=8"},"modified":"2026-01-05T13:17:26","modified_gmt":"2026-01-05T13:17:26","slug":"accueil","status":"publish","type":"page","link":"https:\/\/www.hill-smart.com\/","title":{"rendered":"Accueil"},"content":{"rendered":"\n<div class=\"wp-block-cover alignfull\" style=\"min-height:624px;aspect-ratio:unset;\"><span aria-hidden=\"true\" class=\"wp-block-cover__background has-background-dim-100 has-background-dim has-background-gradient\" style=\"background:linear-gradient(35deg,rgb(0,138,140) 0%,rgb(63,54,123) 73%,rgb(60,31,156) 99%)\"><\/span><div class=\"wp-block-cover__inner-container is-layout-flow wp-block-cover-is-layout-flow\">\n<div class=\"inherit-container-width wp-block-group alignwide is-layout-constrained wp-block-group-is-layout-constrained\">\n<div class=\"wp-block-media-text alignwide has-media-on-the-right is-stacked-on-mobile is-vertically-aligned-center\" style=\"grid-template-columns:auto 43%\"><div class=\"wp-block-media-text__content\">\n<h1 class=\"wp-block-heading has-text-align-left has-white-color has-text-color\">L\u2019intelligence \u00e9v\u00e9nementielle au service de concepts innovants<\/h1>\n\n\n\n<p class=\"has-white-color has-text-color\">Organisation d\u2019\u00e9v\u00e9nements, acquisition d\u2019invit\u00e9s et solutions techniques pour des exp\u00e9riences uniques.<\/p>\n\n\n\n<div class=\"wp-block-buttons is-layout-flex wp-block-buttons-is-layout-flex\">\n<div class=\"wp-block-button\"><a class=\"wp-block-button__link has-ast-global-color-8-background-color has-background wp-element-button\" href=\"#services\">D\u00e9couvrir nos services<\/a><\/div>\n<\/div>\n<\/div><figure class=\"wp-block-media-text__media\"><img decoding=\"async\" src=\"https:\/\/www.hill-smart.com\/wp-content\/themes\/astra\/inc\/assets\/images\/starter-content\/hero-img.svg\" alt=\"\" class=\"wp-image-118 size-full\"\/><\/figure><\/div>\n<\/div>\n<\/div><\/div>\n\n\n\n<div class=\"wp-block-cover alignfull is-light\" style=\"margin-top:0;margin-bottom:0;min-height:510px;aspect-ratio:unset;\" id=\"about\"><span aria-hidden=\"true\" class=\"wp-block-cover__background has-background-dim-100 has-background-dim\" style=\"background-color:#ffffff\"><\/span><div class=\"wp-block-cover__inner-container is-layout-flow wp-block-cover-is-layout-flow\">\n<div class=\"wp-block-media-text alignwide is-stacked-on-mobile is-vertically-aligned-center is-image-fill-element\" style=\"margin-top:0;margin-bottom:0;grid-template-columns:37% auto\"><figure class=\"wp-block-media-text__media\"><img loading=\"lazy\" decoding=\"async\" width=\"1024\" height=\"1024\" src=\"https:\/\/www.hill-smart.com\/wp-content\/uploads\/2026\/01\/people-taking-part-business-event-1024x1024.jpg\" alt=\"\" class=\"wp-image-35 size-full\" style=\"object-position:50% 50%\" srcset=\"https:\/\/www.hill-smart.com\/wp-content\/uploads\/2026\/01\/people-taking-part-business-event-1024x1024.jpg 1024w, https:\/\/www.hill-smart.com\/wp-content\/uploads\/2026\/01\/people-taking-part-business-event-300x300.jpg 300w, https:\/\/www.hill-smart.com\/wp-content\/uploads\/2026\/01\/people-taking-part-business-event-150x150.jpg 150w, https:\/\/www.hill-smart.com\/wp-content\/uploads\/2026\/01\/people-taking-part-business-event-768x768.jpg 768w, https:\/\/www.hill-smart.com\/wp-content\/uploads\/2026\/01\/people-taking-part-business-event.jpg 1500w\" sizes=\"auto, (max-width: 1024px) 100vw, 1024px\" \/><\/figure><div class=\"wp-block-media-text__content\">\n<h2 class=\"wp-block-heading has-text-color\" style=\"color:#000000;font-size:32px\"><strong>Qui sommes-nous ?<\/strong><\/h2>\n\n\n\n<h2 class=\"wp-block-heading has-text-color\" style=\"color:#000000;font-size:17px\"><strong>Une expertise globale pour des \u00e9v\u00e9nements performants<\/strong><\/h2>\n\n\n\n<p class=\"has-ast-global-color-8-color has-text-color has-link-color wp-elements-cff420e322956749f23cc4b8b2839f97\">Hill Smart accompagne les porteurs de concepts \u00e9v\u00e9nementiels dans&nbsp;<strong>la conception, l\u2019organisation et l\u2019ex\u00e9cution technique<\/strong>&nbsp;de leurs projets.<\/p>\n\n\n\n<p class=\"has-ast-global-color-8-color has-text-color has-link-color wp-elements-d7d0e38ccb3aeec7c11736713f5d9473\">Nous intervenons aussi bien sur :<\/p>\n\n\n\n<ul class=\"wp-block-list\">\n<li class=\"has-black-color has-text-color has-link-color wp-elements-894eb52bbe660dfcc6f0cd4e28978d80\">la&nbsp;<strong>gestion op\u00e9rationnelle des \u00e9v\u00e9nements<\/strong>,&nbsp;<\/li>\n\n\n\n<li class=\"has-ast-global-color-8-color has-text-color has-link-color wp-elements-3cda1ffbf85680e557a2c1c6657f659b\">l\u2019<strong>acquisition et la gestion des invit\u00e9s<\/strong>,&nbsp;<\/li>\n\n\n\n<li class=\"has-ast-global-color-8-color has-text-color has-link-color wp-elements-f56a740f6fc642e839a2e77a5b4f91a6\">que sur toute l\u2019<strong>infrastructure informatique et technique<\/strong>&nbsp;n\u00e9cessaire \u00e0 leur succ\u00e8s.<\/li>\n<\/ul>\n\n\n\n<p class=\"has-text-color\" style=\"color:#000000;font-size:17px\">Notre objectif :&nbsp;<strong>transformer une id\u00e9e en une exp\u00e9rience fluide, mesurable et rentable<\/strong>.<\/p>\n<\/div><\/div>\n<\/div><\/div>\n\n\n\n<div class=\"wp-block-group alignfull has-ast-global-color-5-background-color has-background is-nowrap is-layout-flex wp-container-core-group-is-layout-ac73a0f9 wp-block-group-is-layout-flex\" style=\"margin-top:0;margin-bottom:0;padding-bottom:50px\">\n<div class=\"wp-block-columns are-vertically-aligned-top is-layout-flex wp-container-core-columns-is-layout-00723822 wp-block-columns-is-layout-flex\">\n<div class=\"wp-block-column is-vertically-aligned-top is-layout-flow wp-container-core-column-is-layout-6b73ce23 wp-block-column-is-layout-flow\">\n<h3 class=\"wp-block-heading has-text-align-left\" style=\"margin-top:16px\">\u2705 Vision strat\u00e9gique et op\u00e9rationnelle<\/h3>\n<\/div>\n\n\n\n<div class=\"wp-block-column is-vertically-aligned-top is-layout-flow wp-container-core-column-is-layout-6b73ce23 wp-block-column-is-layout-flow\">\n<h3 class=\"wp-block-heading has-text-align-left\" style=\"margin-top:16px\">\u2705 Ma\u00eetrise compl\u00e8te de la cha\u00eene \u00e9v\u00e9nementielle<\/h3>\n<\/div>\n\n\n\n<div class=\"wp-block-column is-vertically-aligned-top is-layout-flow wp-container-core-column-is-layout-6b73ce23 wp-block-column-is-layout-flow\">\n<h3 class=\"wp-block-heading has-text-align-left\" style=\"margin-top:16px\">\u2705 Expertise technique et digitale int\u00e9gr\u00e9e<\/h3>\n<\/div>\n\n\n\n<div class=\"wp-block-column is-vertically-aligned-top is-layout-flow wp-container-core-column-is-layout-6b73ce23 wp-block-column-is-layout-flow\">\n<h3 class=\"wp-block-heading has-text-align-left\" style=\"margin-top:16px\">\u2705 Approche orient\u00e9e r\u00e9sultats et donn\u00e9es<\/h3>\n<\/div>\n<\/div>\n<\/div>\n\n\n\n<div class=\"wp-block-group alignfull is-layout-constrained wp-container-core-group-is-layout-6ba89fbb wp-block-group-is-layout-constrained\" id=\"services\" style=\"padding-top:35px;padding-bottom:35px\">\n<h2 class=\"wp-block-heading\">Nos domaines d&rsquo;intervention<\/h2>\n\n\n\n<div class=\"wp-block-columns is-layout-flex wp-container-core-columns-is-layout-60cbf9bb wp-block-columns-is-layout-flex\" style=\"margin-top:50px\">\n<div class=\"wp-block-column is-layout-flow wp-container-core-column-is-layout-6b73ce23 wp-block-column-is-layout-flow\">\n<h3 class=\"wp-block-heading\" style=\"margin-top:16px\">Organisation d&rsquo;\u00e9v\u00e9nements<\/h3>\n\n\n\n<ul class=\"wp-block-list\">\n<li>Coordination globale<\/li>\n\n\n\n<li>Logistique et planning<\/li>\n\n\n\n<li>Gestion des flux d&rsquo;invit\u00e9s<\/li>\n\n\n\n<li>Suivi et optimisation des performances<\/li>\n<\/ul>\n<\/div>\n\n\n\n<div class=\"wp-block-column is-layout-flow wp-container-core-column-is-layout-6b73ce23 wp-block-column-is-layout-flow\">\n<h3 class=\"wp-block-heading\" style=\"margin-top:16px\">Acquisition d\u2019invit\u00e9s<\/h3>\n\n\n\n<ul class=\"wp-block-list\">\n<li>Strat\u00e9gies d\u2019inscription<\/li>\n\n\n\n<li>Gestion des bases de donn\u00e9es<\/li>\n\n\n\n<li>Parcours utilisateur optimis\u00e9<\/li>\n\n\n\n<li>Automatisation des confirmations et rappels<\/li>\n<\/ul>\n<\/div>\n\n\n\n<div class=\"wp-block-column is-layout-flow wp-container-core-column-is-layout-6b73ce23 wp-block-column-is-layout-flow\">\n<h3 class=\"wp-block-heading\" style=\"margin-top:16px\">Solutions techniques &amp; informatiques<\/h3>\n\n\n\n<ul class=\"wp-block-list\">\n<li>Plateformes d\u2019inscription sur mesure<\/li>\n\n\n\n<li>Outils de gestion \u00e9v\u00e9nementielle<\/li>\n\n\n\n<li>Syst\u00e8mes de contr\u00f4le et de suivi<\/li>\n\n\n\n<li>Support technique avant, pendant et apr\u00e8s l\u2019\u00e9v\u00e9nement<\/li>\n<\/ul>\n<\/div>\n<\/div>\n<\/div>\n\n\n\n<div class=\"wp-block-group alignfull has-background is-layout-constrained wp-container-core-group-is-layout-cfcca693 wp-block-group-is-layout-constrained\" id=\"contact\" style=\"background-color:#008a8c;padding-top:104px;padding-bottom:104px\">\n<h2 class=\"wp-block-heading has-text-align-center has-text-color\" style=\"color:#ffffff\">Vous avez un concept ou un projet \u00e9v\u00e9nementiel ?<\/h2>\n\n\n\n<p class=\"has-text-align-center has-ast-global-color-4-color has-text-color has-link-color wp-elements-b40368d33d595699eeeada2f3351c617\"><strong>Confiez-le \u00e0 une \u00e9quipe qui ma\u00eetrise&nbsp;l\u2019\u00e9v\u00e9nementiel ET la technologie.<\/strong><\/p>\n\n\n\n<div class=\"wp-block-buttons alignwide is-horizontal is-content-justification-center is-layout-flex wp-container-core-buttons-is-layout-bba8380a wp-block-buttons-is-layout-flex\" style=\"margin-top:50px\">\n<div class=\"wp-block-button\"><a class=\"wp-block-button__link has-ast-global-color-8-background-color has-background wp-element-button\" href=\"mailto:communication@hill-smart.com\">Parlons de votre projet<\/a><\/div>\n<\/div>\n<\/div>\n\n\n\n<p><\/p>\n","protected":false},"excerpt":{"rendered":"<p>\u2705 Vision strat\u00e9gique et op\u00e9rationnelle \u2705 Ma\u00eetrise compl\u00e8te de la cha\u00eene \u00e9v\u00e9nementielle \u2705 Expertise technique et digitale int\u00e9gr\u00e9e \u2705 Approche [&hellip;]<\/p>\n","protected":false},"author":1,"featured_media":0,"parent":0,"menu_order":0,"comment_status":"closed","ping_status":"closed","template":"","meta":{"site-sidebar-layout":"no-sidebar","site-content-layout":"plain-container","ast-site-content-layout":"default","site-content-style":"default","site-sidebar-style":"default","ast-global-header-display":"","ast-banner-title-visibility":"","ast-main-header-display":"","ast-hfb-above-header-display":"","ast-hfb-below-header-display":"","ast-hfb-mobile-header-display":"","site-post-title":"disabled","ast-breadcrumbs-content":"","ast-featured-img":"","footer-sml-layout":"","ast-disable-related-posts":"","theme-transparent-header-meta":"enabled","adv-header-id-meta":"","stick-header-meta":"","header-above-stick-meta":"","header-main-stick-meta":"","header-below-stick-meta":"","astra-migrate-meta-layouts":"default","ast-page-background-enabled":"default","ast-page-background-meta":{"desktop":{"background-color":"var(--ast-global-color-5)","background-image":"","background-repeat":"repeat","background-position":"center center","background-size":"auto","background-attachment":"scroll","background-type":"","background-media":"","overlay-type":"","overlay-color":"","overlay-opacity":"","overlay-gradient":""},"tablet":{"background-color":"","background-image":"","background-repeat":"repeat","background-position":"center center","background-size":"auto","background-attachment":"scroll","background-type":"","background-media":"","overlay-type":"","overlay-color":"","overlay-opacity":"","overlay-gradient":""},"mobile":{"background-color":"","background-image":"","background-repeat":"repeat","background-position":"center center","background-size":"auto","background-attachment":"scroll","background-type":"","background-media":"","overlay-type":"","overlay-color":"","overlay-opacity":"","overlay-gradient":""}},"ast-content-background-meta":{"desktop":{"background-color":"var(--ast-global-color-4)","background-image":"","background-repeat":"repeat","background-position":"center center","background-size":"auto","background-attachment":"scroll","background-type":"","background-media":"","overlay-type":"","overlay-color":"","overlay-opacity":"","overlay-gradient":""},"tablet":{"background-color":"var(--ast-global-color-4)","background-image":"","background-repeat":"repeat","background-position":"center center","background-size":"auto","background-attachment":"scroll","background-type":"","background-media":"","overlay-type":"","overlay-color":"","overlay-opacity":"","overlay-gradient":""},"mobile":{"background-color":"var(--ast-global-color-4)","background-image":"","background-repeat":"repeat","background-position":"center center","background-size":"auto","background-attachment":"scroll","background-type":"","background-media":"","overlay-type":"","overlay-color":"","overlay-opacity":"","overlay-gradient":""}},"footnotes":""},"class_list":["post-8","page","type-page","status-publish","hentry"],"_links":{"self":[{"href":"https:\/\/www.hill-smart.com\/index.php\/wp-json\/wp\/v2\/pages\/8","targetHints":{"allow":["GET"]}}],"collection":[{"href":"https:\/\/www.hill-smart.com\/index.php\/wp-json\/wp\/v2\/pages"}],"about":[{"href":"https:\/\/www.hill-smart.com\/index.php\/wp-json\/wp\/v2\/types\/page"}],"author":[{"embeddable":true,"href":"https:\/\/www.hill-smart.com\/index.php\/wp-json\/wp\/v2\/users\/1"}],"replies":[{"embeddable":true,"href":"https:\/\/www.hill-smart.com\/index.php\/wp-json\/wp\/v2\/comments?post=8"}],"version-history":[{"count":13,"href":"https:\/\/www.hill-smart.com\/index.php\/wp-json\/wp\/v2\/pages\/8\/revisions"}],"predecessor-version":[{"id":48,"href":"https:\/\/www.hill-smart.com\/index.php\/wp-json\/wp\/v2\/pages\/8\/revisions\/48"}],"wp:attachment":[{"href":"https:\/\/www.hill-smart.com\/index.php\/wp-json\/wp\/v2\/media?parent=8"}],"curies":[{"name":"wp","href":"https:\/\/api.w.org\/{rel}","templated":true}]}}